{"id":1515,"date":"2024-09-27T11:31:31","date_gmt":"2024-09-27T09:31:31","guid":{"rendered":"https:\/\/med-select.de\/impressum\/"},"modified":"2024-11-22T11:40:59","modified_gmt":"2024-11-22T10:40:59","slug":"impressum","status":"publish","type":"page","link":"https:\/\/stage.med-select.de\/en\/impressum\/","title":{"rendered":"Impressum"},"content":{"rendered":"<p><strong>Contact<\/strong><br \/>\nMedSelect GmbH<br \/>\nBuckesfelder Stra\u00dfe 101<br \/>\n58509 L\u00fcdenscheid<br \/>\ninfo@med-select.de<\/p>\n<p><strong>Phone<\/strong><br \/>\n02351 &#8211; 675 19 34<\/p>\n<p><strong>Management<\/strong><br \/>\nMs. Wiebke Husung<br \/>\nRegistered office: L\u00fcdenscheid (NRW)<\/p>\n<p><strong>Register Entry<\/strong><br \/>\nDistrict Court Iserlohn<br \/>\nFriedrichstra\u00dfe 108-110<br \/>\n58636 Iserlohn<br \/>\nCommercial Register Number: HRB 10695<\/p>\n<p><strong>VAT Identification Number<\/strong> according to Section 27 a of the German Value Added Tax Act<br \/>\nDE354836594<\/p>\n<p>&nbsp;<\/p>\n<p>&nbsp;<\/p>\n<p><strong>Disclaimer<\/strong><\/p>\n<p><strong>Liability for Content<\/strong><br \/>\nThe content of our pages has been created with the utmost care. However, we cannot guarantee the accuracy, completeness, or timeliness of the content. As service providers, we are responsible for our own content on these pages according to general laws. However, as service providers, we are not obligated to monitor transmitted or stored external information or to investigate circumstances that suggest unlawful activity. Obligations to remove or block the use of information according to general laws remain unaffected. Liability in this regard is only possible from the point in time at which we become aware of a concrete legal violation. If we become aware of any such legal violations, we will immediately remove the content.<\/p>\n<p><strong>Liability for Links<\/strong><br \/>\nOur offer contains links to external websites of third parties, on whose content we have no influence. Therefore, we cannot assume any responsibility for these external contents. The respective provider or operator of the pages is always responsible for the content of the linked pages. The linked pages were checked for possible legal violations at the time of linking. Illegal content was not recognizable at the time of linking. However, a permanent content control of the linked pages is not reasonable without concrete evidence of a legal violation. If we become aware of legal violations, we will immediately remove such links.<\/p>\n<p><strong>Copyright<\/strong><br \/>\nThe content and works created by the site operators on these pages are subject to German copyright law. The duplication, editing, distribution, and any form of exploitation outside the limits of copyright law require the written consent of the respective author or creator. Downloads and copies of this page are only permitted for private, non-commercial use. As far as the contents of this page were not created by the operator, the copyrights of third parties are respected. In particular, content from third parties is marked as such. Should you become aware of a copyright infringement, we kindly ask for appropriate notice. If we become aware of legal violations, we will immediately remove such content.<\/p>\n","protected":false},"excerpt":{"rendered":"<p>Contact MedSelect GmbH Buckesfelder Stra\u00dfe 101 58509 L\u00fcdenscheid info@med-select.de Phone 02351 &#8211; 675 19 34 Management Ms. Wiebke Husung Registered office: L\u00fcdenscheid (NRW) Register Entry District Court Iserlohn Friedrichstra\u00dfe 108-110 58636 Iserlohn Commercial Register Number: HRB 10695 VAT Identification Number according to Section 27 a of the German Value Added Tax Act DE354836594 &nbsp; &nbsp; [&hellip;]<\/p>\n","protected":false},"author":1,"featured_media":0,"parent":0,"menu_order":0,"comment_status":"closed","ping_status":"closed","template":"page-legal.php","meta":{"_acf_changed":false,"footnotes":""},"class_list":["post-1515","page","type-page","status-publish","hentry"],"acf":[],"yoast_head":"<!-- This site is optimized with the Yoast SEO plugin v24.1 - https:\/\/yoast.com\/wordpress\/plugins\/seo\/ -->\n<title>Impressum - MedSelect<\/title>\n<meta name=\"robots\" content=\"noindex, follow, max-snippet:-1, max-image-preview:large, max-video-preview:-1\" \/>\n<meta property=\"og:locale\" content=\"en_US\" \/>\n<meta property=\"og:type\" content=\"article\" \/>\n<meta property=\"og:title\" content=\"Impressum - MedSelect\" \/>\n<meta property=\"og:description\" content=\"Contact MedSelect GmbH Buckesfelder Stra\u00dfe 101 58509 L\u00fcdenscheid info@med-select.de Phone 02351 &#8211; 675 19 34 Management Ms. Wiebke Husung Registered office: L\u00fcdenscheid (NRW) Register Entry District Court Iserlohn Friedrichstra\u00dfe 108-110 58636 Iserlohn Commercial Register Number: HRB 10695 VAT Identification Number according to Section 27 a of the German Value Added Tax Act DE354836594 &nbsp; &nbsp; [&hellip;]\" \/>\n<meta property=\"og:url\" content=\"https:\/\/stage.med-select.de\/en\/impressum\/\" \/>\n<meta property=\"og:site_name\" content=\"MedSelect\" \/>\n<meta property=\"article:modified_time\" content=\"2024-11-22T10:40:59+00:00\" \/>\n<meta property=\"og:image\" content=\"https:\/\/stage.med-select.de\/wp-content\/uploads\/2024\/09\/about-hero.jpg\" \/>\n\t<meta property=\"og:image:width\" content=\"1880\" \/>\n\t<meta property=\"og:image:height\" content=\"578\" \/>\n\t<meta property=\"og:image:type\" content=\"image\/jpeg\" \/>\n<meta name=\"twitter:card\" content=\"summary_large_image\" \/>\n<meta name=\"twitter:label1\" content=\"Est. reading time\" \/>\n\t<meta name=\"twitter:data1\" content=\"2 minutes\" \/>\n<script type=\"application\/ld+json\" class=\"yoast-schema-graph\">{\"@context\":\"https:\/\/schema.org\",\"@graph\":[{\"@type\":\"WebPage\",\"@id\":\"https:\/\/stage.med-select.de\/en\/impressum\/\",\"url\":\"https:\/\/stage.med-select.de\/en\/impressum\/\",\"name\":\"Impressum - MedSelect\",\"isPartOf\":{\"@id\":\"https:\/\/stage.med-select.de\/#website\"},\"datePublished\":\"2024-09-27T09:31:31+00:00\",\"dateModified\":\"2024-11-22T10:40:59+00:00\",\"breadcrumb\":{\"@id\":\"https:\/\/stage.med-select.de\/en\/impressum\/#breadcrumb\"},\"inLanguage\":\"en-US\",\"potentialAction\":[{\"@type\":\"ReadAction\",\"target\":[\"https:\/\/stage.med-select.de\/en\/impressum\/\"]}]},{\"@type\":\"BreadcrumbList\",\"@id\":\"https:\/\/stage.med-select.de\/en\/impressum\/#breadcrumb\",\"itemListElement\":[{\"@type\":\"ListItem\",\"position\":1,\"name\":\"Startseite\",\"item\":\"https:\/\/stage.med-select.de\/en\/\"},{\"@type\":\"ListItem\",\"position\":2,\"name\":\"Impressum\"}]},{\"@type\":\"WebSite\",\"@id\":\"https:\/\/stage.med-select.de\/#website\",\"url\":\"https:\/\/stage.med-select.de\/\",\"name\":\"MedSelect GmbH\",\"description\":\"F\u00fcr uns und unsere Partner steht die Ursache Ihrer Beschwerden, die richtige ganzheitliche Therapierung und die Forschung zur Weiterentwicklung im ...\",\"publisher\":{\"@id\":\"https:\/\/stage.med-select.de\/#organization\"},\"alternateName\":\"Med Select\",\"potentialAction\":[{\"@type\":\"SearchAction\",\"target\":{\"@type\":\"EntryPoint\",\"urlTemplate\":\"https:\/\/stage.med-select.de\/?s={search_term_string}\"},\"query-input\":{\"@type\":\"PropertyValueSpecification\",\"valueRequired\":true,\"valueName\":\"search_term_string\"}}],\"inLanguage\":\"en-US\"},{\"@type\":\"Organization\",\"@id\":\"https:\/\/stage.med-select.de\/#organization\",\"name\":\"MedSelect\",\"url\":\"https:\/\/stage.med-select.de\/\",\"logo\":{\"@type\":\"ImageObject\",\"inLanguage\":\"en-US\",\"@id\":\"https:\/\/stage.med-select.de\/#\/schema\/logo\/image\/\",\"url\":\"https:\/\/stage.med-select.de\/wp-content\/uploads\/2024\/09\/medselect-3d-2.png\",\"contentUrl\":\"https:\/\/stage.med-select.de\/wp-content\/uploads\/2024\/09\/medselect-3d-2.png\",\"width\":500,\"height\":531,\"caption\":\"MedSelect\"},\"image\":{\"@id\":\"https:\/\/stage.med-select.de\/#\/schema\/logo\/image\/\"}}]}<\/script>\n<!-- \/ Yoast SEO plugin. -->","yoast_head_json":{"title":"Impressum - MedSelect","robots":{"index":"noindex","follow":"follow","max-snippet":"max-snippet:-1","max-image-preview":"max-image-preview:large","max-video-preview":"max-video-preview:-1"},"og_locale":"en_US","og_type":"article","og_title":"Impressum - MedSelect","og_description":"Contact MedSelect GmbH Buckesfelder Stra\u00dfe 101 58509 L\u00fcdenscheid info@med-select.de Phone 02351 &#8211; 675 19 34 Management Ms. Wiebke Husung Registered office: L\u00fcdenscheid (NRW) Register Entry District Court Iserlohn Friedrichstra\u00dfe 108-110 58636 Iserlohn Commercial Register Number: HRB 10695 VAT Identification Number according to Section 27 a of the German Value Added Tax Act DE354836594 &nbsp; &nbsp; [&hellip;]","og_url":"https:\/\/stage.med-select.de\/en\/impressum\/","og_site_name":"MedSelect","article_modified_time":"2024-11-22T10:40:59+00:00","og_image":[{"width":1880,"height":578,"url":"https:\/\/stage.med-select.de\/wp-content\/uploads\/2024\/09\/about-hero.jpg","type":"image\/jpeg"}],"twitter_card":"summary_large_image","twitter_misc":{"Est. reading time":"2 minutes"},"schema":{"@context":"https:\/\/schema.org","@graph":[{"@type":"WebPage","@id":"https:\/\/stage.med-select.de\/en\/impressum\/","url":"https:\/\/stage.med-select.de\/en\/impressum\/","name":"Impressum - MedSelect","isPartOf":{"@id":"https:\/\/stage.med-select.de\/#website"},"datePublished":"2024-09-27T09:31:31+00:00","dateModified":"2024-11-22T10:40:59+00:00","breadcrumb":{"@id":"https:\/\/stage.med-select.de\/en\/impressum\/#breadcrumb"},"inLanguage":"en-US","potentialAction":[{"@type":"ReadAction","target":["https:\/\/stage.med-select.de\/en\/impressum\/"]}]},{"@type":"BreadcrumbList","@id":"https:\/\/stage.med-select.de\/en\/impressum\/#breadcrumb","itemListElement":[{"@type":"ListItem","position":1,"name":"Startseite","item":"https:\/\/stage.med-select.de\/en\/"},{"@type":"ListItem","position":2,"name":"Impressum"}]},{"@type":"WebSite","@id":"https:\/\/stage.med-select.de\/#website","url":"https:\/\/stage.med-select.de\/","name":"MedSelect GmbH","description":"F\u00fcr uns und unsere Partner steht die Ursache Ihrer Beschwerden, die richtige ganzheitliche Therapierung und die Forschung zur Weiterentwicklung im ...","publisher":{"@id":"https:\/\/stage.med-select.de\/#organization"},"alternateName":"Med Select","potentialAction":[{"@type":"SearchAction","target":{"@type":"EntryPoint","urlTemplate":"https:\/\/stage.med-select.de\/?s={search_term_string}"},"query-input":{"@type":"PropertyValueSpecification","valueRequired":true,"valueName":"search_term_string"}}],"inLanguage":"en-US"},{"@type":"Organization","@id":"https:\/\/stage.med-select.de\/#organization","name":"MedSelect","url":"https:\/\/stage.med-select.de\/","logo":{"@type":"ImageObject","inLanguage":"en-US","@id":"https:\/\/stage.med-select.de\/#\/schema\/logo\/image\/","url":"https:\/\/stage.med-select.de\/wp-content\/uploads\/2024\/09\/medselect-3d-2.png","contentUrl":"https:\/\/stage.med-select.de\/wp-content\/uploads\/2024\/09\/medselect-3d-2.png","width":500,"height":531,"caption":"MedSelect"},"image":{"@id":"https:\/\/stage.med-select.de\/#\/schema\/logo\/image\/"}}]}},"_links":{"self":[{"href":"https:\/\/stage.med-select.de\/en\/wp-json\/wp\/v2\/pages\/1515","targetHints":{"allow":["GET"]}}],"collection":[{"href":"https:\/\/stage.med-select.de\/en\/wp-json\/wp\/v2\/pages"}],"about":[{"href":"https:\/\/stage.med-select.de\/en\/wp-json\/wp\/v2\/types\/page"}],"author":[{"embeddable":true,"href":"https:\/\/stage.med-select.de\/en\/wp-json\/wp\/v2\/users\/1"}],"replies":[{"embeddable":true,"href":"https:\/\/stage.med-select.de\/en\/wp-json\/wp\/v2\/comments?post=1515"}],"version-history":[{"count":2,"href":"https:\/\/stage.med-select.de\/en\/wp-json\/wp\/v2\/pages\/1515\/revisions"}],"predecessor-version":[{"id":1517,"href":"https:\/\/stage.med-select.de\/en\/wp-json\/wp\/v2\/pages\/1515\/revisions\/1517"}],"wp:attachment":[{"href":"https:\/\/stage.med-select.de\/en\/wp-json\/wp\/v2\/media?parent=1515"}],"curies":[{"name":"wp","href":"https:\/\/api.w.org\/{rel}","templated":true}]}}